{"id":2167,"date":"2024-03-23T17:08:16","date_gmt":"2024-03-23T16:08:16","guid":{"rendered":"https:\/\/yushuhealthcare.com\/hno\/hemogel-ent\/"},"modified":"2024-07-30T10:55:28","modified_gmt":"2024-07-30T08:55:28","slug":"hemogel-ent","status":"publish","type":"page","link":"https:\/\/yushuhealthcare.com\/de\/hno\/hemogel-ent\/","title":{"rendered":"HemoGel-ENT\u00ae"},"content":{"rendered":"<h5>Aufl\u00f6sbarer Nasenverband mit blutstillender Wirkung<\/h5>\n<p> Antiadh\u00e4sive Barrierewirkung Beschleunigt die Heilungszeiten der Schleimh\u00e4ute Effektive Blutstillung und hervorragende Vertr\u00e4glichkeit Anpassungsf\u00e4higkeit in der Nebenh\u00f6hlenh\u00f6hle Einfach in der Anwendung und sofort einsatzbereit <\/p>\n<h5>Beschreibung<\/h5>\n<p> Aufl\u00f6sbarer Nasenverband mit blutstillender Wirkung auf Basis von Carboxymethylcellulose (CMC) und viskosisierenden Wirkstoffen. Auf die gesch\u00e4digte Nasenschleimhaut und auf die Bereiche, in denen der Knochen freiliegt, aufgetragen, entsteht ein feuchtes, okklusives Milieu, das den nat\u00fcrlichen Heilungsprozess f\u00f6rdern kann. Angezeigt zur Kontrolle der Blutstillung und zur Vorbeugung von Synechien nach endoskopischen Eingriffen.   <\/p>\n<h5>Verpackung<\/h5>\n<p> Jede Schachtel enth\u00e4lt 5 St\u00fcck und ein Karton enth\u00e4lt 8 Schachteln.<\/p>\n","protected":false},"excerpt":{"rendered":"<p>Aufl\u00f6sbarer Nasenverband mit blutstillender Wirkung Antiadh\u00e4sive Barrierewirkung Beschleunigt die Heilungszeiten der Schleimh\u00e4ute Effektive Blutstillung und hervorragende Vertr\u00e4glichkeit Anpassungsf\u00e4higkeit in der&#8230;<\/p>\n","protected":false},"author":3,"featured_media":2168,"parent":1194,"menu_order":0,"comment_status":"closed","ping_status":"closed","template":"product.php","meta":{"_acf_changed":false,"footnotes":""},"class_list":["post-2167","page","type-page","status-publish","has-post-thumbnail","hentry"],"acf":[],"yoast_head":"<!-- This site is optimized with the Yoast SEO plugin v27.3 - https:\/\/yoast.com\/product\/yoast-seo-wordpress\/ -->\n<title>HemoGel-ENT\u00ae - YUSHU Healthcare<\/title>\n<meta name=\"robots\" content=\"index, follow, max-snippet:-1, max-image-preview:large, max-video-preview:-1\" \/>\n<link rel=\"canonical\" href=\"https:\/\/yushuhealthcare.com\/de\/hno\/hemogel-ent\/\" \/>\n<meta property=\"og:locale\" content=\"de_DE\" \/>\n<meta property=\"og:type\" content=\"article\" \/>\n<meta property=\"og:title\" content=\"HemoGel-ENT\u00ae - YUSHU Healthcare\" \/>\n<meta property=\"og:description\" content=\"Aufl\u00f6sbarer Nasenverband mit blutstillender Wirkung Antiadh\u00e4sive Barrierewirkung Beschleunigt die Heilungszeiten der Schleimh\u00e4ute Effektive Blutstillung und hervorragende Vertr\u00e4glichkeit Anpassungsf\u00e4higkeit in der...\" \/>\n<meta property=\"og:url\" content=\"https:\/\/yushuhealthcare.com\/de\/hno\/hemogel-ent\/\" \/>\n<meta property=\"og:site_name\" content=\"YUSHU Healthcare\" \/>\n<meta property=\"article:modified_time\" content=\"2024-07-30T08:55:28+00:00\" \/>\n<meta property=\"og:image\" content=\"https:\/\/yushuhealthcare.com\/wp-content\/uploads\/2024\/05\/HemoGel-ENT\u00ae.png\" \/>\n\t<meta property=\"og:image:width\" content=\"446\" \/>\n\t<meta property=\"og:image:height\" content=\"448\" \/>\n\t<meta property=\"og:image:type\" content=\"image\/png\" \/>\n<meta name=\"twitter:card\" content=\"summary_large_image\" \/>\n<meta name=\"twitter:label1\" content=\"Gesch\u00e4tzte Lesezeit\" \/>\n\t<meta name=\"twitter:data1\" content=\"1 minute\" \/>\n<script type=\"application\/ld+json\" class=\"yoast-schema-graph\">{\"@context\":\"https:\\\/\\\/schema.org\",\"@graph\":[{\"@type\":\"WebPage\",\"@id\":\"https:\\\/\\\/yushuhealthcare.com\\\/de\\\/hno\\\/hemogel-ent\\\/\",\"url\":\"https:\\\/\\\/yushuhealthcare.com\\\/de\\\/hno\\\/hemogel-ent\\\/\",\"name\":\"HemoGel-ENT\u00ae - YUSHU Healthcare\",\"isPartOf\":{\"@id\":\"https:\\\/\\\/yushuhealthcare.com\\\/de\\\/#website\"},\"primaryImageOfPage\":{\"@id\":\"https:\\\/\\\/yushuhealthcare.com\\\/de\\\/hno\\\/hemogel-ent\\\/#primaryimage\"},\"image\":{\"@id\":\"https:\\\/\\\/yushuhealthcare.com\\\/de\\\/hno\\\/hemogel-ent\\\/#primaryimage\"},\"thumbnailUrl\":\"https:\\\/\\\/yushuhealthcare.com\\\/wp-content\\\/uploads\\\/2024\\\/05\\\/HemoGel-ENT\u00ae.png\",\"datePublished\":\"2024-03-23T16:08:16+00:00\",\"dateModified\":\"2024-07-30T08:55:28+00:00\",\"breadcrumb\":{\"@id\":\"https:\\\/\\\/yushuhealthcare.com\\\/de\\\/hno\\\/hemogel-ent\\\/#breadcrumb\"},\"inLanguage\":\"de-DE\",\"potentialAction\":[{\"@type\":\"ReadAction\",\"target\":[\"https:\\\/\\\/yushuhealthcare.com\\\/de\\\/hno\\\/hemogel-ent\\\/\"]}]},{\"@type\":\"ImageObject\",\"inLanguage\":\"de-DE\",\"@id\":\"https:\\\/\\\/yushuhealthcare.com\\\/de\\\/hno\\\/hemogel-ent\\\/#primaryimage\",\"url\":\"https:\\\/\\\/yushuhealthcare.com\\\/wp-content\\\/uploads\\\/2024\\\/05\\\/HemoGel-ENT\u00ae.png\",\"contentUrl\":\"https:\\\/\\\/yushuhealthcare.com\\\/wp-content\\\/uploads\\\/2024\\\/05\\\/HemoGel-ENT\u00ae.png\",\"width\":446,\"height\":448,\"caption\":\"HemoGel ENT\u00ae\"},{\"@type\":\"BreadcrumbList\",\"@id\":\"https:\\\/\\\/yushuhealthcare.com\\\/de\\\/hno\\\/hemogel-ent\\\/#breadcrumb\",\"itemListElement\":[{\"@type\":\"ListItem\",\"position\":1,\"name\":\"Home\",\"item\":\"https:\\\/\\\/yushuhealthcare.com\\\/de\\\/\"},{\"@type\":\"ListItem\",\"position\":2,\"name\":\"HNO\",\"item\":\"https:\\\/\\\/yushuhealthcare.com\\\/de\\\/otorino\\\/\"},{\"@type\":\"ListItem\",\"position\":3,\"name\":\"HemoGel-ENT\u00ae\"}]},{\"@type\":\"WebSite\",\"@id\":\"https:\\\/\\\/yushuhealthcare.com\\\/de\\\/#website\",\"url\":\"https:\\\/\\\/yushuhealthcare.com\\\/de\\\/\",\"name\":\"YUSHU Healthcare\",\"description\":\"\",\"publisher\":{\"@id\":\"https:\\\/\\\/yushuhealthcare.com\\\/de\\\/#organization\"},\"potentialAction\":[{\"@type\":\"SearchAction\",\"target\":{\"@type\":\"EntryPoint\",\"urlTemplate\":\"https:\\\/\\\/yushuhealthcare.com\\\/de\\\/?s={search_term_string}\"},\"query-input\":{\"@type\":\"PropertyValueSpecification\",\"valueRequired\":true,\"valueName\":\"search_term_string\"}}],\"inLanguage\":\"de-DE\"},{\"@type\":\"Organization\",\"@id\":\"https:\\\/\\\/yushuhealthcare.com\\\/de\\\/#organization\",\"name\":\"YUSHU Healthcare\",\"url\":\"https:\\\/\\\/yushuhealthcare.com\\\/de\\\/\",\"logo\":{\"@type\":\"ImageObject\",\"inLanguage\":\"de-DE\",\"@id\":\"https:\\\/\\\/yushuhealthcare.com\\\/de\\\/#\\\/schema\\\/logo\\\/image\\\/\",\"url\":\"https:\\\/\\\/yushuhealthcare.com\\\/wp-content\\\/uploads\\\/2024\\\/03\\\/YUSHU-Healthcare-Logo.png\",\"contentUrl\":\"https:\\\/\\\/yushuhealthcare.com\\\/wp-content\\\/uploads\\\/2024\\\/03\\\/YUSHU-Healthcare-Logo.png\",\"width\":486,\"height\":216,\"caption\":\"YUSHU Healthcare\"},\"image\":{\"@id\":\"https:\\\/\\\/yushuhealthcare.com\\\/de\\\/#\\\/schema\\\/logo\\\/image\\\/\"},\"sameAs\":[\"https:\\\/\\\/www.linkedin.com\\\/company\\\/yushuhealthcare\\\/\"]}]}<\/script>\n<!-- \/ Yoast SEO plugin. -->","yoast_head_json":{"title":"HemoGel-ENT\u00ae - YUSHU Healthcare","robots":{"index":"index","follow":"follow","max-snippet":"max-snippet:-1","max-image-preview":"max-image-preview:large","max-video-preview":"max-video-preview:-1"},"canonical":"https:\/\/yushuhealthcare.com\/de\/hno\/hemogel-ent\/","og_locale":"de_DE","og_type":"article","og_title":"HemoGel-ENT\u00ae - YUSHU Healthcare","og_description":"Aufl\u00f6sbarer Nasenverband mit blutstillender Wirkung Antiadh\u00e4sive Barrierewirkung Beschleunigt die Heilungszeiten der Schleimh\u00e4ute Effektive Blutstillung und hervorragende Vertr\u00e4glichkeit Anpassungsf\u00e4higkeit in der...","og_url":"https:\/\/yushuhealthcare.com\/de\/hno\/hemogel-ent\/","og_site_name":"YUSHU Healthcare","article_modified_time":"2024-07-30T08:55:28+00:00","og_image":[{"width":446,"height":448,"url":"https:\/\/yushuhealthcare.com\/wp-content\/uploads\/2024\/05\/HemoGel-ENT\u00ae.png","type":"image\/png"}],"twitter_card":"summary_large_image","twitter_misc":{"Gesch\u00e4tzte Lesezeit":"1 minute"},"schema":{"@context":"https:\/\/schema.org","@graph":[{"@type":"WebPage","@id":"https:\/\/yushuhealthcare.com\/de\/hno\/hemogel-ent\/","url":"https:\/\/yushuhealthcare.com\/de\/hno\/hemogel-ent\/","name":"HemoGel-ENT\u00ae - YUSHU Healthcare","isPartOf":{"@id":"https:\/\/yushuhealthcare.com\/de\/#website"},"primaryImageOfPage":{"@id":"https:\/\/yushuhealthcare.com\/de\/hno\/hemogel-ent\/#primaryimage"},"image":{"@id":"https:\/\/yushuhealthcare.com\/de\/hno\/hemogel-ent\/#primaryimage"},"thumbnailUrl":"https:\/\/yushuhealthcare.com\/wp-content\/uploads\/2024\/05\/HemoGel-ENT\u00ae.png","datePublished":"2024-03-23T16:08:16+00:00","dateModified":"2024-07-30T08:55:28+00:00","breadcrumb":{"@id":"https:\/\/yushuhealthcare.com\/de\/hno\/hemogel-ent\/#breadcrumb"},"inLanguage":"de-DE","potentialAction":[{"@type":"ReadAction","target":["https:\/\/yushuhealthcare.com\/de\/hno\/hemogel-ent\/"]}]},{"@type":"ImageObject","inLanguage":"de-DE","@id":"https:\/\/yushuhealthcare.com\/de\/hno\/hemogel-ent\/#primaryimage","url":"https:\/\/yushuhealthcare.com\/wp-content\/uploads\/2024\/05\/HemoGel-ENT\u00ae.png","contentUrl":"https:\/\/yushuhealthcare.com\/wp-content\/uploads\/2024\/05\/HemoGel-ENT\u00ae.png","width":446,"height":448,"caption":"HemoGel ENT\u00ae"},{"@type":"BreadcrumbList","@id":"https:\/\/yushuhealthcare.com\/de\/hno\/hemogel-ent\/#breadcrumb","itemListElement":[{"@type":"ListItem","position":1,"name":"Home","item":"https:\/\/yushuhealthcare.com\/de\/"},{"@type":"ListItem","position":2,"name":"HNO","item":"https:\/\/yushuhealthcare.com\/de\/otorino\/"},{"@type":"ListItem","position":3,"name":"HemoGel-ENT\u00ae"}]},{"@type":"WebSite","@id":"https:\/\/yushuhealthcare.com\/de\/#website","url":"https:\/\/yushuhealthcare.com\/de\/","name":"YUSHU Healthcare","description":"","publisher":{"@id":"https:\/\/yushuhealthcare.com\/de\/#organization"},"potentialAction":[{"@type":"SearchAction","target":{"@type":"EntryPoint","urlTemplate":"https:\/\/yushuhealthcare.com\/de\/?s={search_term_string}"},"query-input":{"@type":"PropertyValueSpecification","valueRequired":true,"valueName":"search_term_string"}}],"inLanguage":"de-DE"},{"@type":"Organization","@id":"https:\/\/yushuhealthcare.com\/de\/#organization","name":"YUSHU Healthcare","url":"https:\/\/yushuhealthcare.com\/de\/","logo":{"@type":"ImageObject","inLanguage":"de-DE","@id":"https:\/\/yushuhealthcare.com\/de\/#\/schema\/logo\/image\/","url":"https:\/\/yushuhealthcare.com\/wp-content\/uploads\/2024\/03\/YUSHU-Healthcare-Logo.png","contentUrl":"https:\/\/yushuhealthcare.com\/wp-content\/uploads\/2024\/03\/YUSHU-Healthcare-Logo.png","width":486,"height":216,"caption":"YUSHU Healthcare"},"image":{"@id":"https:\/\/yushuhealthcare.com\/de\/#\/schema\/logo\/image\/"},"sameAs":["https:\/\/www.linkedin.com\/company\/yushuhealthcare\/"]}]}},"_links":{"self":[{"href":"https:\/\/yushuhealthcare.com\/de\/wp-json\/wp\/v2\/pages\/2167","targetHints":{"allow":["GET"]}}],"collection":[{"href":"https:\/\/yushuhealthcare.com\/de\/wp-json\/wp\/v2\/pages"}],"about":[{"href":"https:\/\/yushuhealthcare.com\/de\/wp-json\/wp\/v2\/types\/page"}],"author":[{"embeddable":true,"href":"https:\/\/yushuhealthcare.com\/de\/wp-json\/wp\/v2\/users\/3"}],"replies":[{"embeddable":true,"href":"https:\/\/yushuhealthcare.com\/de\/wp-json\/wp\/v2\/comments?post=2167"}],"version-history":[{"count":1,"href":"https:\/\/yushuhealthcare.com\/de\/wp-json\/wp\/v2\/pages\/2167\/revisions"}],"predecessor-version":[{"id":2169,"href":"https:\/\/yushuhealthcare.com\/de\/wp-json\/wp\/v2\/pages\/2167\/revisions\/2169"}],"up":[{"embeddable":true,"href":"https:\/\/yushuhealthcare.com\/de\/wp-json\/wp\/v2\/pages\/1194"}],"wp:featuredmedia":[{"embeddable":true,"href":"https:\/\/yushuhealthcare.com\/de\/wp-json\/wp\/v2\/media\/2168"}],"wp:attachment":[{"href":"https:\/\/yushuhealthcare.com\/de\/wp-json\/wp\/v2\/media?parent=2167"}],"curies":[{"name":"wp","href":"https:\/\/api.w.org\/{rel}","templated":true}]}}