{"id":2173,"date":"2024-03-23T17:08:16","date_gmt":"2024-03-23T16:08:16","guid":{"rendered":"https:\/\/yushuhealthcare.com\/otorrinolaringologo\/hemogel-ent\/"},"modified":"2024-07-30T11:00:58","modified_gmt":"2024-07-30T09:00:58","slug":"hemogel-ent","status":"publish","type":"page","link":"https:\/\/yushuhealthcare.com\/es\/otorrinolaringologo\/hemogel-ent\/","title":{"rendered":"HemoGel-ENT\u00ae"},"content":{"rendered":"<h5>Ap\u00f3sito nasal soluble con efecto hemost\u00e1tico.<\/h5>\n<p> Efecto barrera antiadhesivo Acelera los tiempos de cicatrizaci\u00f3n de las mucosas Hemostasia eficaz y excelente tolerabilidad Conformabilidad en la cavidad sinusal F\u00e1cil de usar y listo para usar inmediatamente <\/p>\n<h5>Descripci\u00f3n<\/h5>\n<p> Ap\u00f3sito nasal soluble con efecto hemost\u00e1tico a base de Carboximetilcelulosa (CMC) y agentes viscosificantes. Colocado sobre la mucosa nasal da\u00f1ada y sobre las zonas donde el hueso est\u00e1 expuesto, crea un ambiente oclusivo h\u00famedo capaz de promover el proceso de curaci\u00f3n natural. Indicado para el control de la hemostasia y la prevenci\u00f3n de sinequias tras cirug\u00eda endosc\u00f3pica.   <\/p>\n<h5>Embalaje<\/h5>\n<p> Cada caja contiene 5 unidades y una caja tiene 8 cajas.<\/p>\n","protected":false},"excerpt":{"rendered":"<p>Ap\u00f3sito nasal soluble con efecto hemost\u00e1tico. Efecto barrera antiadhesivo Acelera los tiempos de cicatrizaci\u00f3n de las mucosas Hemostasia eficaz y&#8230;<\/p>\n","protected":false},"author":3,"featured_media":2174,"parent":1581,"menu_order":0,"comment_status":"closed","ping_status":"closed","template":"product.php","meta":{"_acf_changed":false,"footnotes":""},"class_list":["post-2173","page","type-page","status-publish","has-post-thumbnail","hentry"],"acf":[],"yoast_head":"<!-- This site is optimized with the Yoast SEO plugin v27.4 - https:\/\/yoast.com\/product\/yoast-seo-wordpress\/ -->\n<title>HemoGel-ENT\u00ae - YUSHU Healthcare<\/title>\n<meta name=\"robots\" content=\"index, follow, max-snippet:-1, max-image-preview:large, max-video-preview:-1\" \/>\n<link rel=\"canonical\" href=\"https:\/\/yushuhealthcare.com\/es\/otorrinolaringologo\/hemogel-ent\/\" \/>\n<meta property=\"og:locale\" content=\"es_ES\" \/>\n<meta property=\"og:type\" content=\"article\" \/>\n<meta property=\"og:title\" content=\"HemoGel-ENT\u00ae - YUSHU Healthcare\" \/>\n<meta property=\"og:description\" content=\"Ap\u00f3sito nasal soluble con efecto hemost\u00e1tico. Efecto barrera antiadhesivo Acelera los tiempos de cicatrizaci\u00f3n de las mucosas Hemostasia eficaz y...\" \/>\n<meta property=\"og:url\" content=\"https:\/\/yushuhealthcare.com\/es\/otorrinolaringologo\/hemogel-ent\/\" \/>\n<meta property=\"og:site_name\" content=\"YUSHU Healthcare\" \/>\n<meta property=\"article:modified_time\" content=\"2024-07-30T09:00:58+00:00\" \/>\n<meta property=\"og:image\" content=\"https:\/\/yushuhealthcare.com\/wp-content\/uploads\/2024\/05\/HemoGel-ENT\u00ae.png\" \/>\n\t<meta property=\"og:image:width\" content=\"446\" \/>\n\t<meta property=\"og:image:height\" content=\"448\" \/>\n\t<meta property=\"og:image:type\" content=\"image\/png\" \/>\n<meta name=\"twitter:card\" content=\"summary_large_image\" \/>\n<meta name=\"twitter:label1\" content=\"Tiempo de lectura\" \/>\n\t<meta name=\"twitter:data1\" content=\"1 minuto\" \/>\n<script type=\"application\/ld+json\" class=\"yoast-schema-graph\">{\"@context\":\"https:\\\/\\\/schema.org\",\"@graph\":[{\"@type\":\"WebPage\",\"@id\":\"https:\\\/\\\/yushuhealthcare.com\\\/es\\\/otorrinolaringologo\\\/hemogel-ent\\\/\",\"url\":\"https:\\\/\\\/yushuhealthcare.com\\\/es\\\/otorrinolaringologo\\\/hemogel-ent\\\/\",\"name\":\"HemoGel-ENT\u00ae - YUSHU Healthcare\",\"isPartOf\":{\"@id\":\"https:\\\/\\\/yushuhealthcare.com\\\/es\\\/#website\"},\"primaryImageOfPage\":{\"@id\":\"https:\\\/\\\/yushuhealthcare.com\\\/es\\\/otorrinolaringologo\\\/hemogel-ent\\\/#primaryimage\"},\"image\":{\"@id\":\"https:\\\/\\\/yushuhealthcare.com\\\/es\\\/otorrinolaringologo\\\/hemogel-ent\\\/#primaryimage\"},\"thumbnailUrl\":\"https:\\\/\\\/yushuhealthcare.com\\\/wp-content\\\/uploads\\\/2024\\\/05\\\/HemoGel-ENT\u00ae.png\",\"datePublished\":\"2024-03-23T16:08:16+00:00\",\"dateModified\":\"2024-07-30T09:00:58+00:00\",\"breadcrumb\":{\"@id\":\"https:\\\/\\\/yushuhealthcare.com\\\/es\\\/otorrinolaringologo\\\/hemogel-ent\\\/#breadcrumb\"},\"inLanguage\":\"es\",\"potentialAction\":[{\"@type\":\"ReadAction\",\"target\":[\"https:\\\/\\\/yushuhealthcare.com\\\/es\\\/otorrinolaringologo\\\/hemogel-ent\\\/\"]}]},{\"@type\":\"ImageObject\",\"inLanguage\":\"es\",\"@id\":\"https:\\\/\\\/yushuhealthcare.com\\\/es\\\/otorrinolaringologo\\\/hemogel-ent\\\/#primaryimage\",\"url\":\"https:\\\/\\\/yushuhealthcare.com\\\/wp-content\\\/uploads\\\/2024\\\/05\\\/HemoGel-ENT\u00ae.png\",\"contentUrl\":\"https:\\\/\\\/yushuhealthcare.com\\\/wp-content\\\/uploads\\\/2024\\\/05\\\/HemoGel-ENT\u00ae.png\",\"width\":446,\"height\":448,\"caption\":\"HemoGel ENT\u00ae\"},{\"@type\":\"BreadcrumbList\",\"@id\":\"https:\\\/\\\/yushuhealthcare.com\\\/es\\\/otorrinolaringologo\\\/hemogel-ent\\\/#breadcrumb\",\"itemListElement\":[{\"@type\":\"ListItem\",\"position\":1,\"name\":\"Home\",\"item\":\"https:\\\/\\\/yushuhealthcare.com\\\/es\\\/\"},{\"@type\":\"ListItem\",\"position\":2,\"name\":\"Otorrinolaring\u00f3logo\",\"item\":\"https:\\\/\\\/yushuhealthcare.com\\\/es\\\/otorrinolaringologo\\\/\"},{\"@type\":\"ListItem\",\"position\":3,\"name\":\"HemoGel-ENT\u00ae\"}]},{\"@type\":\"WebSite\",\"@id\":\"https:\\\/\\\/yushuhealthcare.com\\\/es\\\/#website\",\"url\":\"https:\\\/\\\/yushuhealthcare.com\\\/es\\\/\",\"name\":\"YUSHU Healthcare\",\"description\":\"\",\"publisher\":{\"@id\":\"https:\\\/\\\/yushuhealthcare.com\\\/es\\\/#organization\"},\"potentialAction\":[{\"@type\":\"SearchAction\",\"target\":{\"@type\":\"EntryPoint\",\"urlTemplate\":\"https:\\\/\\\/yushuhealthcare.com\\\/es\\\/?s={search_term_string}\"},\"query-input\":{\"@type\":\"PropertyValueSpecification\",\"valueRequired\":true,\"valueName\":\"search_term_string\"}}],\"inLanguage\":\"es\"},{\"@type\":\"Organization\",\"@id\":\"https:\\\/\\\/yushuhealthcare.com\\\/es\\\/#organization\",\"name\":\"YUSHU Healthcare\",\"url\":\"https:\\\/\\\/yushuhealthcare.com\\\/es\\\/\",\"logo\":{\"@type\":\"ImageObject\",\"inLanguage\":\"es\",\"@id\":\"https:\\\/\\\/yushuhealthcare.com\\\/es\\\/#\\\/schema\\\/logo\\\/image\\\/\",\"url\":\"https:\\\/\\\/yushuhealthcare.com\\\/wp-content\\\/uploads\\\/2024\\\/03\\\/YUSHU-Healthcare-Logo.png\",\"contentUrl\":\"https:\\\/\\\/yushuhealthcare.com\\\/wp-content\\\/uploads\\\/2024\\\/03\\\/YUSHU-Healthcare-Logo.png\",\"width\":486,\"height\":216,\"caption\":\"YUSHU Healthcare\"},\"image\":{\"@id\":\"https:\\\/\\\/yushuhealthcare.com\\\/es\\\/#\\\/schema\\\/logo\\\/image\\\/\"},\"sameAs\":[\"https:\\\/\\\/www.linkedin.com\\\/company\\\/yushuhealthcare\\\/\"]}]}<\/script>\n<!-- \/ Yoast SEO plugin. -->","yoast_head_json":{"title":"HemoGel-ENT\u00ae - YUSHU Healthcare","robots":{"index":"index","follow":"follow","max-snippet":"max-snippet:-1","max-image-preview":"max-image-preview:large","max-video-preview":"max-video-preview:-1"},"canonical":"https:\/\/yushuhealthcare.com\/es\/otorrinolaringologo\/hemogel-ent\/","og_locale":"es_ES","og_type":"article","og_title":"HemoGel-ENT\u00ae - YUSHU Healthcare","og_description":"Ap\u00f3sito nasal soluble con efecto hemost\u00e1tico. Efecto barrera antiadhesivo Acelera los tiempos de cicatrizaci\u00f3n de las mucosas Hemostasia eficaz y...","og_url":"https:\/\/yushuhealthcare.com\/es\/otorrinolaringologo\/hemogel-ent\/","og_site_name":"YUSHU Healthcare","article_modified_time":"2024-07-30T09:00:58+00:00","og_image":[{"width":446,"height":448,"url":"https:\/\/yushuhealthcare.com\/wp-content\/uploads\/2024\/05\/HemoGel-ENT\u00ae.png","type":"image\/png"}],"twitter_card":"summary_large_image","twitter_misc":{"Tiempo de lectura":"1 minuto"},"schema":{"@context":"https:\/\/schema.org","@graph":[{"@type":"WebPage","@id":"https:\/\/yushuhealthcare.com\/es\/otorrinolaringologo\/hemogel-ent\/","url":"https:\/\/yushuhealthcare.com\/es\/otorrinolaringologo\/hemogel-ent\/","name":"HemoGel-ENT\u00ae - YUSHU Healthcare","isPartOf":{"@id":"https:\/\/yushuhealthcare.com\/es\/#website"},"primaryImageOfPage":{"@id":"https:\/\/yushuhealthcare.com\/es\/otorrinolaringologo\/hemogel-ent\/#primaryimage"},"image":{"@id":"https:\/\/yushuhealthcare.com\/es\/otorrinolaringologo\/hemogel-ent\/#primaryimage"},"thumbnailUrl":"https:\/\/yushuhealthcare.com\/wp-content\/uploads\/2024\/05\/HemoGel-ENT\u00ae.png","datePublished":"2024-03-23T16:08:16+00:00","dateModified":"2024-07-30T09:00:58+00:00","breadcrumb":{"@id":"https:\/\/yushuhealthcare.com\/es\/otorrinolaringologo\/hemogel-ent\/#breadcrumb"},"inLanguage":"es","potentialAction":[{"@type":"ReadAction","target":["https:\/\/yushuhealthcare.com\/es\/otorrinolaringologo\/hemogel-ent\/"]}]},{"@type":"ImageObject","inLanguage":"es","@id":"https:\/\/yushuhealthcare.com\/es\/otorrinolaringologo\/hemogel-ent\/#primaryimage","url":"https:\/\/yushuhealthcare.com\/wp-content\/uploads\/2024\/05\/HemoGel-ENT\u00ae.png","contentUrl":"https:\/\/yushuhealthcare.com\/wp-content\/uploads\/2024\/05\/HemoGel-ENT\u00ae.png","width":446,"height":448,"caption":"HemoGel ENT\u00ae"},{"@type":"BreadcrumbList","@id":"https:\/\/yushuhealthcare.com\/es\/otorrinolaringologo\/hemogel-ent\/#breadcrumb","itemListElement":[{"@type":"ListItem","position":1,"name":"Home","item":"https:\/\/yushuhealthcare.com\/es\/"},{"@type":"ListItem","position":2,"name":"Otorrinolaring\u00f3logo","item":"https:\/\/yushuhealthcare.com\/es\/otorrinolaringologo\/"},{"@type":"ListItem","position":3,"name":"HemoGel-ENT\u00ae"}]},{"@type":"WebSite","@id":"https:\/\/yushuhealthcare.com\/es\/#website","url":"https:\/\/yushuhealthcare.com\/es\/","name":"YUSHU Healthcare","description":"","publisher":{"@id":"https:\/\/yushuhealthcare.com\/es\/#organization"},"potentialAction":[{"@type":"SearchAction","target":{"@type":"EntryPoint","urlTemplate":"https:\/\/yushuhealthcare.com\/es\/?s={search_term_string}"},"query-input":{"@type":"PropertyValueSpecification","valueRequired":true,"valueName":"search_term_string"}}],"inLanguage":"es"},{"@type":"Organization","@id":"https:\/\/yushuhealthcare.com\/es\/#organization","name":"YUSHU Healthcare","url":"https:\/\/yushuhealthcare.com\/es\/","logo":{"@type":"ImageObject","inLanguage":"es","@id":"https:\/\/yushuhealthcare.com\/es\/#\/schema\/logo\/image\/","url":"https:\/\/yushuhealthcare.com\/wp-content\/uploads\/2024\/03\/YUSHU-Healthcare-Logo.png","contentUrl":"https:\/\/yushuhealthcare.com\/wp-content\/uploads\/2024\/03\/YUSHU-Healthcare-Logo.png","width":486,"height":216,"caption":"YUSHU Healthcare"},"image":{"@id":"https:\/\/yushuhealthcare.com\/es\/#\/schema\/logo\/image\/"},"sameAs":["https:\/\/www.linkedin.com\/company\/yushuhealthcare\/"]}]}},"_links":{"self":[{"href":"https:\/\/yushuhealthcare.com\/es\/wp-json\/wp\/v2\/pages\/2173","targetHints":{"allow":["GET"]}}],"collection":[{"href":"https:\/\/yushuhealthcare.com\/es\/wp-json\/wp\/v2\/pages"}],"about":[{"href":"https:\/\/yushuhealthcare.com\/es\/wp-json\/wp\/v2\/types\/page"}],"author":[{"embeddable":true,"href":"https:\/\/yushuhealthcare.com\/es\/wp-json\/wp\/v2\/users\/3"}],"replies":[{"embeddable":true,"href":"https:\/\/yushuhealthcare.com\/es\/wp-json\/wp\/v2\/comments?post=2173"}],"version-history":[{"count":1,"href":"https:\/\/yushuhealthcare.com\/es\/wp-json\/wp\/v2\/pages\/2173\/revisions"}],"predecessor-version":[{"id":2175,"href":"https:\/\/yushuhealthcare.com\/es\/wp-json\/wp\/v2\/pages\/2173\/revisions\/2175"}],"up":[{"embeddable":true,"href":"https:\/\/yushuhealthcare.com\/es\/wp-json\/wp\/v2\/pages\/1581"}],"wp:featuredmedia":[{"embeddable":true,"href":"https:\/\/yushuhealthcare.com\/es\/wp-json\/wp\/v2\/media\/2174"}],"wp:attachment":[{"href":"https:\/\/yushuhealthcare.com\/es\/wp-json\/wp\/v2\/media?parent=2173"}],"curies":[{"name":"wp","href":"https:\/\/api.w.org\/{rel}","templated":true}]}}