{"id":2164,"date":"2024-03-23T17:08:16","date_gmt":"2024-03-23T16:08:16","guid":{"rendered":"https:\/\/yushuhealthcare.com\/orl\/hemogel-ent\/"},"modified":"2024-07-30T10:53:47","modified_gmt":"2024-07-30T08:53:47","slug":"hemogel-ent","status":"publish","type":"page","link":"https:\/\/yushuhealthcare.com\/fr\/orl\/hemogel-ent\/","title":{"rendered":"HemoGel-ENT\u00ae"},"content":{"rendered":"<h5>Pansement nasal soluble \u00e0 effet h\u00e9mostatique<\/h5>\n<p> Effet barri\u00e8re anti-adh\u00e9sif Acc\u00e9l\u00e8re les temps de cicatrisation des muqueuses H\u00e9mostase efficace et excellente tol\u00e9rance Conformit\u00e9 dans la cavit\u00e9 sinusale Facile \u00e0 utiliser et imm\u00e9diatement pr\u00eat \u00e0 l&#8217;emploi <\/p>\n<h5>Description<\/h5>\n<p> Pansement nasal soluble \u00e0 effet h\u00e9mostatique \u00e0 base de Carboxym\u00e9thylcellulose (CMC) et d&rsquo;agents viscosifiants. Plac\u00e9 sur la muqueuse nasale endommag\u00e9e et sur les zones o\u00f9 l&rsquo;os est expos\u00e9, il cr\u00e9e un environnement occlusif humide capable de favoriser le processus naturel de gu\u00e9rison. Indiqu\u00e9 pour le contr\u00f4le de l&rsquo;h\u00e9mostase et la pr\u00e9vention des syn\u00e9chies suite \u00e0 une chirurgie endoscopique.   <\/p>\n<h5>Emballage<\/h5>\n<p> Chaque bo\u00eete contient 5 pi\u00e8ces et un carton contient 8 bo\u00eetes.<\/p>\n","protected":false},"excerpt":{"rendered":"<p>Pansement nasal soluble \u00e0 effet h\u00e9mostatique Effet barri\u00e8re anti-adh\u00e9sif Acc\u00e9l\u00e8re les temps de cicatrisation des muqueuses H\u00e9mostase efficace et excellente&#8230;<\/p>\n","protected":false},"author":3,"featured_media":2165,"parent":1023,"menu_order":0,"comment_status":"closed","ping_status":"closed","template":"product.php","meta":{"_acf_changed":false,"footnotes":""},"class_list":["post-2164","page","type-page","status-publish","has-post-thumbnail","hentry"],"acf":[],"yoast_head":"<!-- This site is optimized with the Yoast SEO plugin v27.4 - https:\/\/yoast.com\/product\/yoast-seo-wordpress\/ -->\n<title>HemoGel-ENT\u00ae - YUSHU Healthcare<\/title>\n<meta name=\"robots\" content=\"index, follow, max-snippet:-1, max-image-preview:large, max-video-preview:-1\" \/>\n<link rel=\"canonical\" href=\"https:\/\/yushuhealthcare.com\/fr\/orl\/hemogel-ent\/\" \/>\n<meta property=\"og:locale\" content=\"fr_FR\" \/>\n<meta property=\"og:type\" content=\"article\" \/>\n<meta property=\"og:title\" content=\"HemoGel-ENT\u00ae - YUSHU Healthcare\" \/>\n<meta property=\"og:description\" content=\"Pansement nasal soluble \u00e0 effet h\u00e9mostatique Effet barri\u00e8re anti-adh\u00e9sif Acc\u00e9l\u00e8re les temps de cicatrisation des muqueuses H\u00e9mostase efficace et excellente...\" \/>\n<meta property=\"og:url\" content=\"https:\/\/yushuhealthcare.com\/fr\/orl\/hemogel-ent\/\" \/>\n<meta property=\"og:site_name\" content=\"YUSHU Healthcare\" \/>\n<meta property=\"article:modified_time\" content=\"2024-07-30T08:53:47+00:00\" \/>\n<meta property=\"og:image\" content=\"https:\/\/yushuhealthcare.com\/wp-content\/uploads\/2024\/05\/HemoGel-ENT\u00ae.png\" \/>\n\t<meta property=\"og:image:width\" content=\"446\" \/>\n\t<meta property=\"og:image:height\" content=\"448\" \/>\n\t<meta property=\"og:image:type\" content=\"image\/png\" \/>\n<meta name=\"twitter:card\" content=\"summary_large_image\" \/>\n<meta name=\"twitter:label1\" content=\"Dur\u00e9e de lecture estim\u00e9e\" \/>\n\t<meta name=\"twitter:data1\" content=\"1 minute\" \/>\n<script type=\"application\/ld+json\" class=\"yoast-schema-graph\">{\"@context\":\"https:\\\/\\\/schema.org\",\"@graph\":[{\"@type\":\"WebPage\",\"@id\":\"https:\\\/\\\/yushuhealthcare.com\\\/fr\\\/orl\\\/hemogel-ent\\\/\",\"url\":\"https:\\\/\\\/yushuhealthcare.com\\\/fr\\\/orl\\\/hemogel-ent\\\/\",\"name\":\"HemoGel-ENT\u00ae - YUSHU Healthcare\",\"isPartOf\":{\"@id\":\"https:\\\/\\\/yushuhealthcare.com\\\/fr\\\/#website\"},\"primaryImageOfPage\":{\"@id\":\"https:\\\/\\\/yushuhealthcare.com\\\/fr\\\/orl\\\/hemogel-ent\\\/#primaryimage\"},\"image\":{\"@id\":\"https:\\\/\\\/yushuhealthcare.com\\\/fr\\\/orl\\\/hemogel-ent\\\/#primaryimage\"},\"thumbnailUrl\":\"https:\\\/\\\/yushuhealthcare.com\\\/wp-content\\\/uploads\\\/2024\\\/05\\\/HemoGel-ENT\u00ae.png\",\"datePublished\":\"2024-03-23T16:08:16+00:00\",\"dateModified\":\"2024-07-30T08:53:47+00:00\",\"breadcrumb\":{\"@id\":\"https:\\\/\\\/yushuhealthcare.com\\\/fr\\\/orl\\\/hemogel-ent\\\/#breadcrumb\"},\"inLanguage\":\"fr-FR\",\"potentialAction\":[{\"@type\":\"ReadAction\",\"target\":[\"https:\\\/\\\/yushuhealthcare.com\\\/fr\\\/orl\\\/hemogel-ent\\\/\"]}]},{\"@type\":\"ImageObject\",\"inLanguage\":\"fr-FR\",\"@id\":\"https:\\\/\\\/yushuhealthcare.com\\\/fr\\\/orl\\\/hemogel-ent\\\/#primaryimage\",\"url\":\"https:\\\/\\\/yushuhealthcare.com\\\/wp-content\\\/uploads\\\/2024\\\/05\\\/HemoGel-ENT\u00ae.png\",\"contentUrl\":\"https:\\\/\\\/yushuhealthcare.com\\\/wp-content\\\/uploads\\\/2024\\\/05\\\/HemoGel-ENT\u00ae.png\",\"width\":446,\"height\":448,\"caption\":\"HemoGel ENT\u00ae\"},{\"@type\":\"BreadcrumbList\",\"@id\":\"https:\\\/\\\/yushuhealthcare.com\\\/fr\\\/orl\\\/hemogel-ent\\\/#breadcrumb\",\"itemListElement\":[{\"@type\":\"ListItem\",\"position\":1,\"name\":\"Home\",\"item\":\"https:\\\/\\\/yushuhealthcare.com\\\/fr\\\/\"},{\"@type\":\"ListItem\",\"position\":2,\"name\":\"ORL\",\"item\":\"https:\\\/\\\/yushuhealthcare.com\\\/fr\\\/otorino\\\/\"},{\"@type\":\"ListItem\",\"position\":3,\"name\":\"HemoGel-ENT\u00ae\"}]},{\"@type\":\"WebSite\",\"@id\":\"https:\\\/\\\/yushuhealthcare.com\\\/fr\\\/#website\",\"url\":\"https:\\\/\\\/yushuhealthcare.com\\\/fr\\\/\",\"name\":\"YUSHU Healthcare\",\"description\":\"\",\"publisher\":{\"@id\":\"https:\\\/\\\/yushuhealthcare.com\\\/fr\\\/#organization\"},\"potentialAction\":[{\"@type\":\"SearchAction\",\"target\":{\"@type\":\"EntryPoint\",\"urlTemplate\":\"https:\\\/\\\/yushuhealthcare.com\\\/fr\\\/?s={search_term_string}\"},\"query-input\":{\"@type\":\"PropertyValueSpecification\",\"valueRequired\":true,\"valueName\":\"search_term_string\"}}],\"inLanguage\":\"fr-FR\"},{\"@type\":\"Organization\",\"@id\":\"https:\\\/\\\/yushuhealthcare.com\\\/fr\\\/#organization\",\"name\":\"YUSHU Healthcare\",\"url\":\"https:\\\/\\\/yushuhealthcare.com\\\/fr\\\/\",\"logo\":{\"@type\":\"ImageObject\",\"inLanguage\":\"fr-FR\",\"@id\":\"https:\\\/\\\/yushuhealthcare.com\\\/fr\\\/#\\\/schema\\\/logo\\\/image\\\/\",\"url\":\"https:\\\/\\\/yushuhealthcare.com\\\/wp-content\\\/uploads\\\/2024\\\/03\\\/YUSHU-Healthcare-Logo.png\",\"contentUrl\":\"https:\\\/\\\/yushuhealthcare.com\\\/wp-content\\\/uploads\\\/2024\\\/03\\\/YUSHU-Healthcare-Logo.png\",\"width\":486,\"height\":216,\"caption\":\"YUSHU Healthcare\"},\"image\":{\"@id\":\"https:\\\/\\\/yushuhealthcare.com\\\/fr\\\/#\\\/schema\\\/logo\\\/image\\\/\"},\"sameAs\":[\"https:\\\/\\\/www.linkedin.com\\\/company\\\/yushuhealthcare\\\/\"]}]}<\/script>\n<!-- \/ Yoast SEO plugin. -->","yoast_head_json":{"title":"HemoGel-ENT\u00ae - YUSHU Healthcare","robots":{"index":"index","follow":"follow","max-snippet":"max-snippet:-1","max-image-preview":"max-image-preview:large","max-video-preview":"max-video-preview:-1"},"canonical":"https:\/\/yushuhealthcare.com\/fr\/orl\/hemogel-ent\/","og_locale":"fr_FR","og_type":"article","og_title":"HemoGel-ENT\u00ae - YUSHU Healthcare","og_description":"Pansement nasal soluble \u00e0 effet h\u00e9mostatique Effet barri\u00e8re anti-adh\u00e9sif Acc\u00e9l\u00e8re les temps de cicatrisation des muqueuses H\u00e9mostase efficace et excellente...","og_url":"https:\/\/yushuhealthcare.com\/fr\/orl\/hemogel-ent\/","og_site_name":"YUSHU Healthcare","article_modified_time":"2024-07-30T08:53:47+00:00","og_image":[{"width":446,"height":448,"url":"https:\/\/yushuhealthcare.com\/wp-content\/uploads\/2024\/05\/HemoGel-ENT\u00ae.png","type":"image\/png"}],"twitter_card":"summary_large_image","twitter_misc":{"Dur\u00e9e de lecture estim\u00e9e":"1 minute"},"schema":{"@context":"https:\/\/schema.org","@graph":[{"@type":"WebPage","@id":"https:\/\/yushuhealthcare.com\/fr\/orl\/hemogel-ent\/","url":"https:\/\/yushuhealthcare.com\/fr\/orl\/hemogel-ent\/","name":"HemoGel-ENT\u00ae - YUSHU Healthcare","isPartOf":{"@id":"https:\/\/yushuhealthcare.com\/fr\/#website"},"primaryImageOfPage":{"@id":"https:\/\/yushuhealthcare.com\/fr\/orl\/hemogel-ent\/#primaryimage"},"image":{"@id":"https:\/\/yushuhealthcare.com\/fr\/orl\/hemogel-ent\/#primaryimage"},"thumbnailUrl":"https:\/\/yushuhealthcare.com\/wp-content\/uploads\/2024\/05\/HemoGel-ENT\u00ae.png","datePublished":"2024-03-23T16:08:16+00:00","dateModified":"2024-07-30T08:53:47+00:00","breadcrumb":{"@id":"https:\/\/yushuhealthcare.com\/fr\/orl\/hemogel-ent\/#breadcrumb"},"inLanguage":"fr-FR","potentialAction":[{"@type":"ReadAction","target":["https:\/\/yushuhealthcare.com\/fr\/orl\/hemogel-ent\/"]}]},{"@type":"ImageObject","inLanguage":"fr-FR","@id":"https:\/\/yushuhealthcare.com\/fr\/orl\/hemogel-ent\/#primaryimage","url":"https:\/\/yushuhealthcare.com\/wp-content\/uploads\/2024\/05\/HemoGel-ENT\u00ae.png","contentUrl":"https:\/\/yushuhealthcare.com\/wp-content\/uploads\/2024\/05\/HemoGel-ENT\u00ae.png","width":446,"height":448,"caption":"HemoGel ENT\u00ae"},{"@type":"BreadcrumbList","@id":"https:\/\/yushuhealthcare.com\/fr\/orl\/hemogel-ent\/#breadcrumb","itemListElement":[{"@type":"ListItem","position":1,"name":"Home","item":"https:\/\/yushuhealthcare.com\/fr\/"},{"@type":"ListItem","position":2,"name":"ORL","item":"https:\/\/yushuhealthcare.com\/fr\/otorino\/"},{"@type":"ListItem","position":3,"name":"HemoGel-ENT\u00ae"}]},{"@type":"WebSite","@id":"https:\/\/yushuhealthcare.com\/fr\/#website","url":"https:\/\/yushuhealthcare.com\/fr\/","name":"YUSHU Healthcare","description":"","publisher":{"@id":"https:\/\/yushuhealthcare.com\/fr\/#organization"},"potentialAction":[{"@type":"SearchAction","target":{"@type":"EntryPoint","urlTemplate":"https:\/\/yushuhealthcare.com\/fr\/?s={search_term_string}"},"query-input":{"@type":"PropertyValueSpecification","valueRequired":true,"valueName":"search_term_string"}}],"inLanguage":"fr-FR"},{"@type":"Organization","@id":"https:\/\/yushuhealthcare.com\/fr\/#organization","name":"YUSHU Healthcare","url":"https:\/\/yushuhealthcare.com\/fr\/","logo":{"@type":"ImageObject","inLanguage":"fr-FR","@id":"https:\/\/yushuhealthcare.com\/fr\/#\/schema\/logo\/image\/","url":"https:\/\/yushuhealthcare.com\/wp-content\/uploads\/2024\/03\/YUSHU-Healthcare-Logo.png","contentUrl":"https:\/\/yushuhealthcare.com\/wp-content\/uploads\/2024\/03\/YUSHU-Healthcare-Logo.png","width":486,"height":216,"caption":"YUSHU Healthcare"},"image":{"@id":"https:\/\/yushuhealthcare.com\/fr\/#\/schema\/logo\/image\/"},"sameAs":["https:\/\/www.linkedin.com\/company\/yushuhealthcare\/"]}]}},"_links":{"self":[{"href":"https:\/\/yushuhealthcare.com\/fr\/wp-json\/wp\/v2\/pages\/2164","targetHints":{"allow":["GET"]}}],"collection":[{"href":"https:\/\/yushuhealthcare.com\/fr\/wp-json\/wp\/v2\/pages"}],"about":[{"href":"https:\/\/yushuhealthcare.com\/fr\/wp-json\/wp\/v2\/types\/page"}],"author":[{"embeddable":true,"href":"https:\/\/yushuhealthcare.com\/fr\/wp-json\/wp\/v2\/users\/3"}],"replies":[{"embeddable":true,"href":"https:\/\/yushuhealthcare.com\/fr\/wp-json\/wp\/v2\/comments?post=2164"}],"version-history":[{"count":1,"href":"https:\/\/yushuhealthcare.com\/fr\/wp-json\/wp\/v2\/pages\/2164\/revisions"}],"predecessor-version":[{"id":2166,"href":"https:\/\/yushuhealthcare.com\/fr\/wp-json\/wp\/v2\/pages\/2164\/revisions\/2166"}],"up":[{"embeddable":true,"href":"https:\/\/yushuhealthcare.com\/fr\/wp-json\/wp\/v2\/pages\/1023"}],"wp:featuredmedia":[{"embeddable":true,"href":"https:\/\/yushuhealthcare.com\/fr\/wp-json\/wp\/v2\/media\/2165"}],"wp:attachment":[{"href":"https:\/\/yushuhealthcare.com\/fr\/wp-json\/wp\/v2\/media?parent=2164"}],"curies":[{"name":"wp","href":"https:\/\/api.w.org\/{rel}","templated":true}]}}