{"id":2170,"date":"2024-03-23T17:08:16","date_gmt":"2024-03-23T16:08:16","guid":{"rendered":"https:\/\/yushuhealthcare.com\/otorrinolaringologista\/hemogel-ent\/"},"modified":"2024-07-30T10:58:20","modified_gmt":"2024-07-30T08:58:20","slug":"hemogel-ent","status":"publish","type":"page","link":"https:\/\/yushuhealthcare.com\/pt-pt\/otorrinolaringologista\/hemogel-ent\/","title":{"rendered":"HemoGel-ENT\u00ae"},"content":{"rendered":"<h5>Curativo nasal sol\u00favel com efeito hemost\u00e1tico<\/h5>\n<p> Efeito barreira antiadesiva Acelera o tempo de cicatriza\u00e7\u00e3o das membranas mucosas Hemostasia eficaz e excelente tolerabilidade Adaptabilidade na cavidade sinusal F\u00e1cil de usar e imediatamente pronto para uso <\/p>\n<h5>Descri\u00e7\u00e3o<\/h5>\n<p> Penso nasal sol\u00favel com efeito hemost\u00e1tico \u00e0 base de Carboximetilcelulose (CMC) e agentes viscosificantes. Colocado sobre a mucosa nasal lesada e sobre as \u00e1reas onde o osso est\u00e1 exposto, cria um ambiente oclusivo \u00famido capaz de promover o processo natural de cicatriza\u00e7\u00e3o. Indicado para o controle da hemostasia e preven\u00e7\u00e3o de sin\u00e9quias ap\u00f3s cirurgia endosc\u00f3pica.   <\/p>\n<h5>Embalagem<\/h5>\n<p> Cada caixa cont\u00e9m 5 unidades e uma caixa tem 8 caixas.<\/p>\n","protected":false},"excerpt":{"rendered":"<p>Curativo nasal sol\u00favel com efeito hemost\u00e1tico Efeito barreira antiadesiva Acelera o tempo de cicatriza\u00e7\u00e3o das membranas mucosas Hemostasia eficaz e&#8230;<\/p>\n","protected":false},"author":3,"featured_media":2171,"parent":1370,"menu_order":0,"comment_status":"closed","ping_status":"closed","template":"product.php","meta":{"_acf_changed":false,"footnotes":""},"class_list":["post-2170","page","type-page","status-publish","has-post-thumbnail","hentry"],"acf":[],"yoast_head":"<!-- This site is optimized with the Yoast SEO plugin v27.4 - https:\/\/yoast.com\/product\/yoast-seo-wordpress\/ -->\n<title>HemoGel-ENT\u00ae - YUSHU Healthcare<\/title>\n<meta name=\"robots\" content=\"index, follow, max-snippet:-1, max-image-preview:large, max-video-preview:-1\" \/>\n<link rel=\"canonical\" href=\"https:\/\/yushuhealthcare.com\/pt-pt\/otorrinolaringologista\/hemogel-ent\/\" \/>\n<meta property=\"og:locale\" content=\"pt_PT\" \/>\n<meta property=\"og:type\" content=\"article\" \/>\n<meta property=\"og:title\" content=\"HemoGel-ENT\u00ae - YUSHU Healthcare\" \/>\n<meta property=\"og:description\" content=\"Curativo nasal sol\u00favel com efeito hemost\u00e1tico Efeito barreira antiadesiva Acelera o tempo de cicatriza\u00e7\u00e3o das membranas mucosas Hemostasia eficaz e...\" \/>\n<meta property=\"og:url\" content=\"https:\/\/yushuhealthcare.com\/pt-pt\/otorrinolaringologista\/hemogel-ent\/\" \/>\n<meta property=\"og:site_name\" content=\"YUSHU Healthcare\" \/>\n<meta property=\"article:modified_time\" content=\"2024-07-30T08:58:20+00:00\" \/>\n<meta property=\"og:image\" content=\"https:\/\/yushuhealthcare.com\/wp-content\/uploads\/2024\/05\/HemoGel-ENT\u00ae.png\" \/>\n\t<meta property=\"og:image:width\" content=\"446\" \/>\n\t<meta property=\"og:image:height\" content=\"448\" \/>\n\t<meta property=\"og:image:type\" content=\"image\/png\" \/>\n<meta name=\"twitter:card\" content=\"summary_large_image\" \/>\n<meta name=\"twitter:label1\" content=\"Tempo estimado de leitura\" \/>\n\t<meta name=\"twitter:data1\" content=\"1 minute\" \/>\n<script type=\"application\/ld+json\" class=\"yoast-schema-graph\">{\"@context\":\"https:\\\/\\\/schema.org\",\"@graph\":[{\"@type\":\"WebPage\",\"@id\":\"https:\\\/\\\/yushuhealthcare.com\\\/pt-pt\\\/otorrinolaringologista\\\/hemogel-ent\\\/\",\"url\":\"https:\\\/\\\/yushuhealthcare.com\\\/pt-pt\\\/otorrinolaringologista\\\/hemogel-ent\\\/\",\"name\":\"HemoGel-ENT\u00ae - YUSHU Healthcare\",\"isPartOf\":{\"@id\":\"https:\\\/\\\/yushuhealthcare.com\\\/pt-pt\\\/#website\"},\"primaryImageOfPage\":{\"@id\":\"https:\\\/\\\/yushuhealthcare.com\\\/pt-pt\\\/otorrinolaringologista\\\/hemogel-ent\\\/#primaryimage\"},\"image\":{\"@id\":\"https:\\\/\\\/yushuhealthcare.com\\\/pt-pt\\\/otorrinolaringologista\\\/hemogel-ent\\\/#primaryimage\"},\"thumbnailUrl\":\"https:\\\/\\\/yushuhealthcare.com\\\/wp-content\\\/uploads\\\/2024\\\/05\\\/HemoGel-ENT\u00ae.png\",\"datePublished\":\"2024-03-23T16:08:16+00:00\",\"dateModified\":\"2024-07-30T08:58:20+00:00\",\"breadcrumb\":{\"@id\":\"https:\\\/\\\/yushuhealthcare.com\\\/pt-pt\\\/otorrinolaringologista\\\/hemogel-ent\\\/#breadcrumb\"},\"inLanguage\":\"pt-PT\",\"potentialAction\":[{\"@type\":\"ReadAction\",\"target\":[\"https:\\\/\\\/yushuhealthcare.com\\\/pt-pt\\\/otorrinolaringologista\\\/hemogel-ent\\\/\"]}]},{\"@type\":\"ImageObject\",\"inLanguage\":\"pt-PT\",\"@id\":\"https:\\\/\\\/yushuhealthcare.com\\\/pt-pt\\\/otorrinolaringologista\\\/hemogel-ent\\\/#primaryimage\",\"url\":\"https:\\\/\\\/yushuhealthcare.com\\\/wp-content\\\/uploads\\\/2024\\\/05\\\/HemoGel-ENT\u00ae.png\",\"contentUrl\":\"https:\\\/\\\/yushuhealthcare.com\\\/wp-content\\\/uploads\\\/2024\\\/05\\\/HemoGel-ENT\u00ae.png\",\"width\":446,\"height\":448,\"caption\":\"HemoGel ENT\u00ae\"},{\"@type\":\"BreadcrumbList\",\"@id\":\"https:\\\/\\\/yushuhealthcare.com\\\/pt-pt\\\/otorrinolaringologista\\\/hemogel-ent\\\/#breadcrumb\",\"itemListElement\":[{\"@type\":\"ListItem\",\"position\":1,\"name\":\"Home\",\"item\":\"https:\\\/\\\/yushuhealthcare.com\\\/pt-pt\\\/\"},{\"@type\":\"ListItem\",\"position\":2,\"name\":\"otorrinolaringologista\",\"item\":\"https:\\\/\\\/yushuhealthcare.com\\\/pt-pt\\\/otorino\\\/\"},{\"@type\":\"ListItem\",\"position\":3,\"name\":\"HemoGel-ENT\u00ae\"}]},{\"@type\":\"WebSite\",\"@id\":\"https:\\\/\\\/yushuhealthcare.com\\\/pt-pt\\\/#website\",\"url\":\"https:\\\/\\\/yushuhealthcare.com\\\/pt-pt\\\/\",\"name\":\"YUSHU Healthcare\",\"description\":\"\",\"publisher\":{\"@id\":\"https:\\\/\\\/yushuhealthcare.com\\\/pt-pt\\\/#organization\"},\"potentialAction\":[{\"@type\":\"SearchAction\",\"target\":{\"@type\":\"EntryPoint\",\"urlTemplate\":\"https:\\\/\\\/yushuhealthcare.com\\\/pt-pt\\\/?s={search_term_string}\"},\"query-input\":{\"@type\":\"PropertyValueSpecification\",\"valueRequired\":true,\"valueName\":\"search_term_string\"}}],\"inLanguage\":\"pt-PT\"},{\"@type\":\"Organization\",\"@id\":\"https:\\\/\\\/yushuhealthcare.com\\\/pt-pt\\\/#organization\",\"name\":\"YUSHU Healthcare\",\"url\":\"https:\\\/\\\/yushuhealthcare.com\\\/pt-pt\\\/\",\"logo\":{\"@type\":\"ImageObject\",\"inLanguage\":\"pt-PT\",\"@id\":\"https:\\\/\\\/yushuhealthcare.com\\\/pt-pt\\\/#\\\/schema\\\/logo\\\/image\\\/\",\"url\":\"https:\\\/\\\/yushuhealthcare.com\\\/wp-content\\\/uploads\\\/2024\\\/03\\\/YUSHU-Healthcare-Logo.png\",\"contentUrl\":\"https:\\\/\\\/yushuhealthcare.com\\\/wp-content\\\/uploads\\\/2024\\\/03\\\/YUSHU-Healthcare-Logo.png\",\"width\":486,\"height\":216,\"caption\":\"YUSHU Healthcare\"},\"image\":{\"@id\":\"https:\\\/\\\/yushuhealthcare.com\\\/pt-pt\\\/#\\\/schema\\\/logo\\\/image\\\/\"},\"sameAs\":[\"https:\\\/\\\/www.linkedin.com\\\/company\\\/yushuhealthcare\\\/\"]}]}<\/script>\n<!-- \/ Yoast SEO plugin. -->","yoast_head_json":{"title":"HemoGel-ENT\u00ae - YUSHU Healthcare","robots":{"index":"index","follow":"follow","max-snippet":"max-snippet:-1","max-image-preview":"max-image-preview:large","max-video-preview":"max-video-preview:-1"},"canonical":"https:\/\/yushuhealthcare.com\/pt-pt\/otorrinolaringologista\/hemogel-ent\/","og_locale":"pt_PT","og_type":"article","og_title":"HemoGel-ENT\u00ae - YUSHU Healthcare","og_description":"Curativo nasal sol\u00favel com efeito hemost\u00e1tico Efeito barreira antiadesiva Acelera o tempo de cicatriza\u00e7\u00e3o das membranas mucosas Hemostasia eficaz e...","og_url":"https:\/\/yushuhealthcare.com\/pt-pt\/otorrinolaringologista\/hemogel-ent\/","og_site_name":"YUSHU Healthcare","article_modified_time":"2024-07-30T08:58:20+00:00","og_image":[{"width":446,"height":448,"url":"https:\/\/yushuhealthcare.com\/wp-content\/uploads\/2024\/05\/HemoGel-ENT\u00ae.png","type":"image\/png"}],"twitter_card":"summary_large_image","twitter_misc":{"Tempo estimado de leitura":"1 minute"},"schema":{"@context":"https:\/\/schema.org","@graph":[{"@type":"WebPage","@id":"https:\/\/yushuhealthcare.com\/pt-pt\/otorrinolaringologista\/hemogel-ent\/","url":"https:\/\/yushuhealthcare.com\/pt-pt\/otorrinolaringologista\/hemogel-ent\/","name":"HemoGel-ENT\u00ae - YUSHU Healthcare","isPartOf":{"@id":"https:\/\/yushuhealthcare.com\/pt-pt\/#website"},"primaryImageOfPage":{"@id":"https:\/\/yushuhealthcare.com\/pt-pt\/otorrinolaringologista\/hemogel-ent\/#primaryimage"},"image":{"@id":"https:\/\/yushuhealthcare.com\/pt-pt\/otorrinolaringologista\/hemogel-ent\/#primaryimage"},"thumbnailUrl":"https:\/\/yushuhealthcare.com\/wp-content\/uploads\/2024\/05\/HemoGel-ENT\u00ae.png","datePublished":"2024-03-23T16:08:16+00:00","dateModified":"2024-07-30T08:58:20+00:00","breadcrumb":{"@id":"https:\/\/yushuhealthcare.com\/pt-pt\/otorrinolaringologista\/hemogel-ent\/#breadcrumb"},"inLanguage":"pt-PT","potentialAction":[{"@type":"ReadAction","target":["https:\/\/yushuhealthcare.com\/pt-pt\/otorrinolaringologista\/hemogel-ent\/"]}]},{"@type":"ImageObject","inLanguage":"pt-PT","@id":"https:\/\/yushuhealthcare.com\/pt-pt\/otorrinolaringologista\/hemogel-ent\/#primaryimage","url":"https:\/\/yushuhealthcare.com\/wp-content\/uploads\/2024\/05\/HemoGel-ENT\u00ae.png","contentUrl":"https:\/\/yushuhealthcare.com\/wp-content\/uploads\/2024\/05\/HemoGel-ENT\u00ae.png","width":446,"height":448,"caption":"HemoGel ENT\u00ae"},{"@type":"BreadcrumbList","@id":"https:\/\/yushuhealthcare.com\/pt-pt\/otorrinolaringologista\/hemogel-ent\/#breadcrumb","itemListElement":[{"@type":"ListItem","position":1,"name":"Home","item":"https:\/\/yushuhealthcare.com\/pt-pt\/"},{"@type":"ListItem","position":2,"name":"otorrinolaringologista","item":"https:\/\/yushuhealthcare.com\/pt-pt\/otorino\/"},{"@type":"ListItem","position":3,"name":"HemoGel-ENT\u00ae"}]},{"@type":"WebSite","@id":"https:\/\/yushuhealthcare.com\/pt-pt\/#website","url":"https:\/\/yushuhealthcare.com\/pt-pt\/","name":"YUSHU Healthcare","description":"","publisher":{"@id":"https:\/\/yushuhealthcare.com\/pt-pt\/#organization"},"potentialAction":[{"@type":"SearchAction","target":{"@type":"EntryPoint","urlTemplate":"https:\/\/yushuhealthcare.com\/pt-pt\/?s={search_term_string}"},"query-input":{"@type":"PropertyValueSpecification","valueRequired":true,"valueName":"search_term_string"}}],"inLanguage":"pt-PT"},{"@type":"Organization","@id":"https:\/\/yushuhealthcare.com\/pt-pt\/#organization","name":"YUSHU Healthcare","url":"https:\/\/yushuhealthcare.com\/pt-pt\/","logo":{"@type":"ImageObject","inLanguage":"pt-PT","@id":"https:\/\/yushuhealthcare.com\/pt-pt\/#\/schema\/logo\/image\/","url":"https:\/\/yushuhealthcare.com\/wp-content\/uploads\/2024\/03\/YUSHU-Healthcare-Logo.png","contentUrl":"https:\/\/yushuhealthcare.com\/wp-content\/uploads\/2024\/03\/YUSHU-Healthcare-Logo.png","width":486,"height":216,"caption":"YUSHU Healthcare"},"image":{"@id":"https:\/\/yushuhealthcare.com\/pt-pt\/#\/schema\/logo\/image\/"},"sameAs":["https:\/\/www.linkedin.com\/company\/yushuhealthcare\/"]}]}},"_links":{"self":[{"href":"https:\/\/yushuhealthcare.com\/pt-pt\/wp-json\/wp\/v2\/pages\/2170","targetHints":{"allow":["GET"]}}],"collection":[{"href":"https:\/\/yushuhealthcare.com\/pt-pt\/wp-json\/wp\/v2\/pages"}],"about":[{"href":"https:\/\/yushuhealthcare.com\/pt-pt\/wp-json\/wp\/v2\/types\/page"}],"author":[{"embeddable":true,"href":"https:\/\/yushuhealthcare.com\/pt-pt\/wp-json\/wp\/v2\/users\/3"}],"replies":[{"embeddable":true,"href":"https:\/\/yushuhealthcare.com\/pt-pt\/wp-json\/wp\/v2\/comments?post=2170"}],"version-history":[{"count":1,"href":"https:\/\/yushuhealthcare.com\/pt-pt\/wp-json\/wp\/v2\/pages\/2170\/revisions"}],"predecessor-version":[{"id":2172,"href":"https:\/\/yushuhealthcare.com\/pt-pt\/wp-json\/wp\/v2\/pages\/2170\/revisions\/2172"}],"up":[{"embeddable":true,"href":"https:\/\/yushuhealthcare.com\/pt-pt\/wp-json\/wp\/v2\/pages\/1370"}],"wp:featuredmedia":[{"embeddable":true,"href":"https:\/\/yushuhealthcare.com\/pt-pt\/wp-json\/wp\/v2\/media\/2171"}],"wp:attachment":[{"href":"https:\/\/yushuhealthcare.com\/pt-pt\/wp-json\/wp\/v2\/media?parent=2170"}],"curies":[{"name":"wp","href":"https:\/\/api.w.org\/{rel}","templated":true}]}}